{"id":144,"date":"2025-11-28T17:35:08","date_gmt":"2025-11-28T16:35:08","guid":{"rendered":"http:\/\/powerecopro.pl\/?page_id=144"},"modified":"2026-03-19T16:14:58","modified_gmt":"2026-03-19T15:14:58","slug":"kablozwijaki-silnikowe-kablozwijacz-zwijak-kablowy-zwijacz-kablowy-beben-kablowy","status":"publish","type":"page","link":"https:\/\/powerecopro.pl\/?page_id=144","title":{"rendered":"Kablozwijaki silnikowe"},"content":{"rendered":"","protected":false},"excerpt":{"rendered":"","protected":false},"author":1,"featured_media":0,"parent":0,"menu_order":0,"comment_status":"open","ping_status":"closed","template":"","meta":{"footnotes":""},"class_list":["post-144","page","type-page","status-publish","hentry"],"yoast_head":"<!-- This site is optimized with the Yoast SEO plugin v26.5 - https:\/\/yoast.com\/wordpress\/plugins\/seo\/ -->\n<title>Kablozwijaki silnikowe, zwijacz kablowy<\/title>\n<meta name=\"robots\" content=\"index, follow, max-snippet:-1, max-image-preview:large, max-video-preview:-1\" \/>\n<link rel=\"canonical\" href=\"https:\/\/powerecopro.pl\/?page_id=144\" \/>\n<meta property=\"og:locale\" content=\"pl_PL\" \/>\n<meta property=\"og:type\" content=\"article\" \/>\n<meta property=\"og:title\" content=\"Kablozwijaki silnikowe, zwijacz kablowy\" \/>\n<meta property=\"og:url\" content=\"https:\/\/powerecopro.pl\/?page_id=144\" \/>\n<meta property=\"og:site_name\" content=\"PowerEcoPro\" \/>\n<meta property=\"article:modified_time\" content=\"2026-03-19T15:14:58+00:00\" \/>\n<meta name=\"twitter:card\" content=\"summary_large_image\" \/>\n<script type=\"application\/ld+json\" class=\"yoast-schema-graph\">{\"@context\":\"https:\/\/schema.org\",\"@graph\":[{\"@type\":\"WebPage\",\"@id\":\"https:\/\/powerecopro.pl\/?page_id=144\",\"url\":\"https:\/\/powerecopro.pl\/?page_id=144\",\"name\":\"Kablozwijaki silnikowe, zwijacz kablowy\",\"isPartOf\":{\"@id\":\"https:\/\/powerecopro.pl\/#website\"},\"datePublished\":\"2025-11-28T16:35:08+00:00\",\"dateModified\":\"2026-03-19T15:14:58+00:00\",\"breadcrumb\":{\"@id\":\"https:\/\/powerecopro.pl\/?page_id=144#breadcrumb\"},\"inLanguage\":\"pl-PL\",\"potentialAction\":[{\"@type\":\"ReadAction\",\"target\":[\"https:\/\/powerecopro.pl\/?page_id=144\"]}]},{\"@type\":\"BreadcrumbList\",\"@id\":\"https:\/\/powerecopro.pl\/?page_id=144#breadcrumb\",\"itemListElement\":[{\"@type\":\"ListItem\",\"position\":1,\"name\":\"Home\",\"item\":\"https:\/\/powerecopro.pl\/\"},{\"@type\":\"ListItem\",\"position\":2,\"name\":\"Kablozwijaki silnikowe\"}]},{\"@type\":\"WebSite\",\"@id\":\"https:\/\/powerecopro.pl\/#website\",\"url\":\"https:\/\/powerecopro.pl\/\",\"name\":\"PowerEcoPro - kablozwijak, b\u0119ben kablowy, zwijacz kablowy, zwijarka kablowa, z\u0142\u0105cze obrotowe\",\"description\":\"\",\"publisher\":{\"@id\":\"https:\/\/powerecopro.pl\/#organization\"},\"potentialAction\":[{\"@type\":\"SearchAction\",\"target\":{\"@type\":\"EntryPoint\",\"urlTemplate\":\"https:\/\/powerecopro.pl\/?s={search_term_string}\"},\"query-input\":{\"@type\":\"PropertyValueSpecification\",\"valueRequired\":true,\"valueName\":\"search_term_string\"}}],\"inLanguage\":\"pl-PL\"},{\"@type\":\"Organization\",\"@id\":\"https:\/\/powerecopro.pl\/#organization\",\"name\":\"PowerEcoPro\",\"url\":\"https:\/\/powerecopro.pl\/\",\"logo\":{\"@type\":\"ImageObject\",\"inLanguage\":\"pl-PL\",\"@id\":\"https:\/\/powerecopro.pl\/#\/schema\/logo\/image\/\",\"url\":\"https:\/\/powerecopro.pl\/wp-content\/uploads\/2025\/11\/cropped-11-logov1.png\",\"contentUrl\":\"https:\/\/powerecopro.pl\/wp-content\/uploads\/2025\/11\/cropped-11-logov1.png\",\"width\":155,\"height\":85,\"caption\":\"PowerEcoPro\"},\"image\":{\"@id\":\"https:\/\/powerecopro.pl\/#\/schema\/logo\/image\/\"}}]}<\/script>\n<!-- \/ Yoast SEO plugin. -->","yoast_head_json":{"title":"Kablozwijaki silnikowe, zwijacz kablowy","robots":{"index":"index","follow":"follow","max-snippet":"max-snippet:-1","max-image-preview":"max-image-preview:large","max-video-preview":"max-video-preview:-1"},"canonical":"https:\/\/powerecopro.pl\/?page_id=144","og_locale":"pl_PL","og_type":"article","og_title":"Kablozwijaki silnikowe, zwijacz kablowy","og_url":"https:\/\/powerecopro.pl\/?page_id=144","og_site_name":"PowerEcoPro","article_modified_time":"2026-03-19T15:14:58+00:00","twitter_card":"summary_large_image","schema":{"@context":"https:\/\/schema.org","@graph":[{"@type":"WebPage","@id":"https:\/\/powerecopro.pl\/?page_id=144","url":"https:\/\/powerecopro.pl\/?page_id=144","name":"Kablozwijaki silnikowe, zwijacz kablowy","isPartOf":{"@id":"https:\/\/powerecopro.pl\/#website"},"datePublished":"2025-11-28T16:35:08+00:00","dateModified":"2026-03-19T15:14:58+00:00","breadcrumb":{"@id":"https:\/\/powerecopro.pl\/?page_id=144#breadcrumb"},"inLanguage":"pl-PL","potentialAction":[{"@type":"ReadAction","target":["https:\/\/powerecopro.pl\/?page_id=144"]}]},{"@type":"BreadcrumbList","@id":"https:\/\/powerecopro.pl\/?page_id=144#breadcrumb","itemListElement":[{"@type":"ListItem","position":1,"name":"Home","item":"https:\/\/powerecopro.pl\/"},{"@type":"ListItem","position":2,"name":"Kablozwijaki silnikowe"}]},{"@type":"WebSite","@id":"https:\/\/powerecopro.pl\/#website","url":"https:\/\/powerecopro.pl\/","name":"PowerEcoPro - kablozwijak, b\u0119ben kablowy, zwijacz kablowy, zwijarka kablowa, z\u0142\u0105cze obrotowe","description":"","publisher":{"@id":"https:\/\/powerecopro.pl\/#organization"},"potentialAction":[{"@type":"SearchAction","target":{"@type":"EntryPoint","urlTemplate":"https:\/\/powerecopro.pl\/?s={search_term_string}"},"query-input":{"@type":"PropertyValueSpecification","valueRequired":true,"valueName":"search_term_string"}}],"inLanguage":"pl-PL"},{"@type":"Organization","@id":"https:\/\/powerecopro.pl\/#organization","name":"PowerEcoPro","url":"https:\/\/powerecopro.pl\/","logo":{"@type":"ImageObject","inLanguage":"pl-PL","@id":"https:\/\/powerecopro.pl\/#\/schema\/logo\/image\/","url":"https:\/\/powerecopro.pl\/wp-content\/uploads\/2025\/11\/cropped-11-logov1.png","contentUrl":"https:\/\/powerecopro.pl\/wp-content\/uploads\/2025\/11\/cropped-11-logov1.png","width":155,"height":85,"caption":"PowerEcoPro"},"image":{"@id":"https:\/\/powerecopro.pl\/#\/schema\/logo\/image\/"}}]}},"_links":{"self":[{"href":"https:\/\/powerecopro.pl\/index.php?rest_route=\/wp\/v2\/pages\/144","targetHints":{"allow":["GET"]}}],"collection":[{"href":"https:\/\/powerecopro.pl\/index.php?rest_route=\/wp\/v2\/pages"}],"about":[{"href":"https:\/\/powerecopro.pl\/index.php?rest_route=\/wp\/v2\/types\/page"}],"author":[{"embeddable":true,"href":"https:\/\/powerecopro.pl\/index.php?rest_route=\/wp\/v2\/users\/1"}],"replies":[{"embeddable":true,"href":"https:\/\/powerecopro.pl\/index.php?rest_route=%2Fwp%2Fv2%2Fcomments&post=144"}],"version-history":[{"count":3,"href":"https:\/\/powerecopro.pl\/index.php?rest_route=\/wp\/v2\/pages\/144\/revisions"}],"predecessor-version":[{"id":164,"href":"https:\/\/powerecopro.pl\/index.php?rest_route=\/wp\/v2\/pages\/144\/revisions\/164"}],"wp:attachment":[{"href":"https:\/\/powerecopro.pl\/index.php?rest_route=%2Fwp%2Fv2%2Fmedia&parent=144"}],"curies":[{"name":"wp","href":"https:\/\/api.w.org\/{rel}","templated":true}]}}